{"id":16221,"date":"2025-08-14T16:49:26","date_gmt":"2025-08-14T13:49:26","guid":{"rendered":"https:\/\/www.omsvibro.com\/yasal-bilgiler\/"},"modified":"2025-08-14T17:11:41","modified_gmt":"2025-08-14T14:11:41","slug":"yasal-bilgiler","status":"publish","type":"page","link":"https:\/\/www.omsvibro.com\/tr\/yasal-bilgiler\/","title":{"rendered":"Yasal Bilgiler"},"content":{"rendered":"<strong>\u00d6zkanlar Grup Makine A\u015e.<\/strong>\nAhi Evran OSB Mah. Anadolu Cad. No:7\nSincan \/ Ankara\/ T\u00fcrkiye  \n<strong>Phone:<\/strong> +90 312 386 05 60\n<strong>E-Mail:<\/strong> <u><a href=\"mailto:oms@omsvibro.de\">oms@omsvibro.com<\/a><\/u>\n\n<strong>Y\u00f6netim Kurulu: <\/strong>Hasan \u00d6zkan, Ayhan \u00d6zkan\n\n<strong>Kay\u0131tl\u0131 Ofis:<\/strong> T\u00fcrkiye\n\n<strong>Ticaret Sicili:<\/strong> 68183\n\n<strong>Vergi Dairesi:<\/strong> Sincan VD. 696 034 1324\n\n&nbsp;\n\n&nbsp;","protected":false},"excerpt":{"rendered":"\u00d6zkanlar Grup Makine A\u015e. Ahi Evran OSB Mah. Anadolu Cad. No:7 Sincan \/ Ankara\/ T\u00fcrkiye Phone: +90 312 386 05 60 E-Mail: oms@omsvibro.com Y\u00f6netim Kurulu: Hasan \u00d6zkan, Ayhan \u00d6zkan Kay\u0131tl\u0131 Ofis: T\u00fcrkiye Ticaret Sicili: 68183 Vergi Dairesi: Sincan VD. 696 034 1324 &nbsp; &nbsp;","protected":false},"author":1,"featured_media":0,"parent":0,"menu_order":0,"comment_status":"closed","ping_status":"closed","template":"","meta":{"_acf_changed":false,"footnotes":""},"class_list":["post-16221","page","type-page","status-publish","hentry"],"acf":[],"_links":{"self":[{"href":"https:\/\/www.omsvibro.com\/tr\/wp-json\/wp\/v2\/pages\/16221","targetHints":{"allow":["GET"]}}],"collection":[{"href":"https:\/\/www.omsvibro.com\/tr\/wp-json\/wp\/v2\/pages"}],"about":[{"href":"https:\/\/www.omsvibro.com\/tr\/wp-json\/wp\/v2\/types\/page"}],"author":[{"embeddable":true,"href":"https:\/\/www.omsvibro.com\/tr\/wp-json\/wp\/v2\/users\/1"}],"replies":[{"embeddable":true,"href":"https:\/\/www.omsvibro.com\/tr\/wp-json\/wp\/v2\/comments?post=16221"}],"version-history":[{"count":2,"href":"https:\/\/www.omsvibro.com\/tr\/wp-json\/wp\/v2\/pages\/16221\/revisions"}],"predecessor-version":[{"id":16233,"href":"https:\/\/www.omsvibro.com\/tr\/wp-json\/wp\/v2\/pages\/16221\/revisions\/16233"}],"wp:attachment":[{"href":"https:\/\/www.omsvibro.com\/tr\/wp-json\/wp\/v2\/media?parent=16221"}],"curies":[{"name":"wp","href":"https:\/\/api.w.org\/{rel}","templated":true}]}}